{"id":338,"date":"2026-01-30T22:29:17","date_gmt":"2026-01-30T20:29:17","guid":{"rendered":"https:\/\/tavastinliljat.fi\/?page_id=338"},"modified":"2026-04-22T01:29:41","modified_gmt":"2026-04-21T22:29:41","slug":"scouting-sustainably","status":"publish","type":"page","link":"https:\/\/tavastinliljat.fi\/en\/tavastin-liljat-ry\/scouting-sustainably\/","title":{"rendered":"Scouting sustainably"},"content":{"rendered":"\n\n<div class=\"block-content-with-sidebar full-width id-block\">\n\t<div class=\"container-lg\">\n\t\t<div class=\"row\">\n\t\t\t<div class=\"col d-none d-lg-block col-lg-4 col-xxl-3\">\n\t\t\t\t<ul class=\"sidebar-menu\">\n\n<li  class=\"menu-item menu-item-308\"><a href=\"https:\/\/tavastinliljat.fi\/en\/events\/\">Events<\/a><\/li>\n<li  class=\"menu-item menu-item-253\"><a href=\"https:\/\/tavastinliljat.fi\/en\/\">Front page<\/a><\/li>\n<li  class=\"menu-item menu-item-277 menu-item-has-children\"><a href=\"https:\/\/tavastinliljat.fi\/en\/join-us\/\">Join us<\/a>\n<button class=\"sub-menu-toggle\" aria-label=\"Open submenu\"><\/button><ul class=\"sub-menu\">\n<li  class=\"menu-item menu-item-260\"><a href=\"https:\/\/tavastinliljat.fi\/en\/join-us\/scouting\/\">Scouting<\/a><\/li>\n<li  class=\"menu-item menu-item-262\"><a href=\"https:\/\/tavastinliljat.fi\/en\/join-us\/ryhmat\/\">Groups<\/a><\/li>\n<li  class=\"menu-item menu-item-268 menu-item-has-children\"><a href=\"https:\/\/tavastinliljat.fi\/en\/join-us\/membership\/\">Membership<\/a>\n<button class=\"sub-menu-toggle\" aria-label=\"Open submenu\"><\/button><ul class=\"sub-menu\">\n<li  class=\"menu-item menu-item-293\"><a href=\"https:\/\/tavastinliljat.fi\/en\/join-us\/membership\/kuksa-ohje\/\">Kuksa instructions<\/a><\/li><\/ul><\/li><\/ul><\/li>\n<li  class=\"menu-item menu-item-314 menu-item-has-children\"><a href=\"https:\/\/tavastinliljat.fi\/en\/tavastin-liljat-ry\/\">Tavastin Liljat ry<\/a>\n<button class=\"sub-menu-toggle\" aria-label=\"Open submenu\"><\/button><ul class=\"sub-menu\">\n<li  class=\"menu-item menu-item-318\"><a href=\"https:\/\/tavastinliljat.fi\/en\/tavastin-liljat-ry\/contact-us\/\">Contact us<\/a><\/li>\n<li  class=\"menu-item menu-item-330\"><a href=\"https:\/\/tavastinliljat.fi\/en\/tavastin-liljat-ry\/about-us\/\">About us<\/a><\/li>\n<li  class=\"menu-item menu-item-332\"><a href=\"https:\/\/tavastinliljat.fi\/en\/tavastin-liljat-ry\/safety\/\">Safety<\/a><\/li>\n<li  class=\"menu-item menu-item-338\"><a href=\"https:\/\/tavastinliljat.fi\/en\/tavastin-liljat-ry\/scouting-sustainably\/\" aria-current=\"page\">Scouting sustainably<\/a><\/li><\/ul><\/li><\/ul>\n\t\t\t<\/div>\n\t\t\t<div class=\"col col-12 col-lg-8 col-xxl-7 offset-xxl-1\">\t\n\t\t\t\t<div class=\"inner-blocks entry-content\">\n\t\t\t\t\t\t\t\t\t\t\t\n\n<h1 class=\"wp-block-heading\">Scouting sustainably<\/h1>\n\n\n\n<p>Respect for the environment and nature is a core part of scouting. The Scout ideals encourage us to \u201clove and protect the environment\u201d and to \u201cfeel one\u2019s responsibility and to take action.\u201d Environmental issues are becoming increasingly important in society, and the Scouts have responded to this. In 2025, Tavastin Liljat was awarded the <a href=\"https:\/\/www.partio.fi\/nyt\/kestavasti-partiossa\/\">Kest\u00e4v\u00e4sti partiossa<\/a> (&#8220;Scouting sustainably&#8221;) badge of recognition, developed jointly by The Guides and Scouts of Finland and WWF. This badge is granted to Scout groups that meet criteria based on the United Nations Sustainable Development Goals. These criteria relate to areas such as energy consumption, recycling, nature and environmental education, environmentally friendly food, low-emission travel, equipment procurement, and accessibility.<\/p>\n\n\n<div class=\"wp-block-image\">\n<figure class=\"aligncenter size-large is-resized\"><img decoding=\"async\" width=\"1024\" height=\"1024\" src=\"https:\/\/tavastinliljat.fi\/wp-content\/uploads\/sites\/179\/2026\/01\/kestavasti_partiossa_tunnus-1024x1024.png\" alt=\"Kest\u00e4v\u00e4sti partiossa -tunnus, jossa keskell\u00e4 vihre\u00e4 kasvi ja ulkoreunalla ympyr\u00e4n muodossa teksti &quot;Kest\u00e4v\u00e4sti partiossa&quot;\" class=\"wp-image-231\" style=\"width:549px;height:auto\" srcset=\"https:\/\/tavastinliljat.fi\/wp-content\/uploads\/sites\/179\/2026\/01\/kestavasti_partiossa_tunnus-1024x1024.png 1024w, https:\/\/tavastinliljat.fi\/wp-content\/uploads\/sites\/179\/2026\/01\/kestavasti_partiossa_tunnus-300x300.png 300w, https:\/\/tavastinliljat.fi\/wp-content\/uploads\/sites\/179\/2026\/01\/kestavasti_partiossa_tunnus-150x150.png 150w, https:\/\/tavastinliljat.fi\/wp-content\/uploads\/sites\/179\/2026\/01\/kestavasti_partiossa_tunnus-768x767.png 768w, https:\/\/tavastinliljat.fi\/wp-content\/uploads\/sites\/179\/2026\/01\/kestavasti_partiossa_tunnus-1536x1534.png 1536w, https:\/\/tavastinliljat.fi\/wp-content\/uploads\/sites\/179\/2026\/01\/kestavasti_partiossa_tunnus-352x352.png 352w, https:\/\/tavastinliljat.fi\/wp-content\/uploads\/sites\/179\/2026\/01\/kestavasti_partiossa_tunnus-1200x1199.png 1200w, https:\/\/tavastinliljat.fi\/wp-content\/uploads\/sites\/179\/2026\/01\/kestavasti_partiossa_tunnus.png 1645w\" sizes=\"(max-width: 1024px) 100vw, 1024px\" \/><\/figure>\n<\/div>\n\n\t\t\t\t\t\t\t\t\t<\/div>\n\t\t\t<\/div>\n\t\t<\/div>\n\t<\/div>\t\n\t\t\t\t\t<svg class=\"figure cross\" xmlns=\"http:\/\/www.w3.org\/2000\/svg\" width=\"107\" height=\"47.043\" viewBox=\"0 0 107 47.043\">\n\t\t    <g>\n\t\t        <path d=\"M29.916 6.541L23.349 0l-8.39 8.417L6.541 0 0 6.541l8.39 8.417L0 23.375l6.541 6.541 8.417-8.39 8.39 8.39 6.568-6.541-8.416-8.417z\" transform=\"rotate(-90 23.522 23.521) translate(17.127)\"\/>\n\t\t        <path d=\"M15.253 11.446A24.159 24.159 0 0 1 9.034 0L0 2.064a33.488 33.488 0 0 0 8.632 15.87l.08.08s.617.617 1.474 1.662l7.238-5.79c-1.099-1.341-1.93-2.198-2.171-2.44z\" transform=\"rotate(-90 23.522 23.521) translate(.429 60.519)\"\/>\n\t\t        <path d=\"M16.218 6.648L9.758 0A33.429 33.429 0 0 0 0 18.738l9.141 1.474a23.953 23.953 0 0 1 7.077-13.564z\" transform=\"rotate(-90 23.522 23.521) translate(0 30.828)\"\/>\n\t\t        <path d=\"M.161 3.163A21.712 21.712 0 0 1 1.5 10.481 19.441 19.441 0 0 1 0 17.907l8.578 3.538a28.792 28.792 0 0 0 2.2-10.964A30.739 30.739 0 0 0 8.873 0z\" transform=\"rotate(-90 23.522 23.521) translate(15.285 85.555)\"\/>\n\t\t    <\/g>\n\t\t<\/svg>\n\t\t\t<\/div>\n\n\n\n<p><\/p>\n","protected":false},"excerpt":{"rendered":"","protected":false},"author":445,"featured_media":0,"parent":314,"menu_order":4,"comment_status":"closed","ping_status":"closed","template":"","meta":{"_acf_changed":false,"footnotes":""},"class_list":["post-338","page","type-page","status-publish","hentry"],"acf":[],"yoast_head":"<!-- This site is optimized with the Yoast SEO plugin v27.4 - https:\/\/yoast.com\/product\/yoast-seo-wordpress\/ -->\n<title>Scouting sustainably - Tavastin Liljat ry<\/title>\n<meta name=\"robots\" content=\"index, follow, max-snippet:-1, max-image-preview:large, max-video-preview:-1\" \/>\n<link rel=\"canonical\" href=\"https:\/\/tavastinliljat.fi\/tietoa-lippukunnasta\/kestavasti-partiossa\/\" \/>\n<meta property=\"og:locale\" content=\"en_US\" \/>\n<meta property=\"og:type\" content=\"article\" \/>\n<meta property=\"og:title\" content=\"Scouting sustainably - Tavastin Liljat ry\" \/>\n<meta property=\"og:url\" content=\"https:\/\/tavastinliljat.fi\/tietoa-lippukunnasta\/kestavasti-partiossa\/\" \/>\n<meta property=\"og:site_name\" content=\"Tavastin Liljat ry\" \/>\n<meta property=\"article:modified_time\" content=\"2026-04-21T22:29:41+00:00\" \/>\n<meta property=\"og:image\" content=\"https:\/\/tavastinliljat.fi\/wp-content\/uploads\/sites\/179\/2026\/01\/kestavasti_partiossa_tunnus-1024x1024.png\" \/>\n<meta name=\"twitter:card\" content=\"summary_large_image\" \/>\n<meta name=\"twitter:label1\" content=\"Est. reading time\" \/>\n\t<meta name=\"twitter:data1\" content=\"2 minutes\" \/>\n<script type=\"application\/ld+json\" class=\"yoast-schema-graph\">{\"@context\":\"https:\\\/\\\/schema.org\",\"@graph\":[{\"@type\":\"WebPage\",\"@id\":\"https:\\\/\\\/tavastinliljat.fi\\\/tietoa-lippukunnasta\\\/kestavasti-partiossa\\\/\",\"url\":\"https:\\\/\\\/tavastinliljat.fi\\\/tietoa-lippukunnasta\\\/kestavasti-partiossa\\\/\",\"name\":\"Scouting sustainably - Tavastin Liljat ry\",\"isPartOf\":{\"@id\":\"https:\\\/\\\/tavastinliljat.fi\\\/#website\"},\"primaryImageOfPage\":{\"@id\":\"https:\\\/\\\/tavastinliljat.fi\\\/tietoa-lippukunnasta\\\/kestavasti-partiossa\\\/#primaryimage\"},\"image\":{\"@id\":\"https:\\\/\\\/tavastinliljat.fi\\\/tietoa-lippukunnasta\\\/kestavasti-partiossa\\\/#primaryimage\"},\"thumbnailUrl\":\"https:\\\/\\\/tavastinliljat.fi\\\/wp-content\\\/uploads\\\/sites\\\/179\\\/2026\\\/01\\\/kestavasti_partiossa_tunnus-1024x1024.png\",\"datePublished\":\"2026-01-30T20:29:17+00:00\",\"dateModified\":\"2026-04-21T22:29:41+00:00\",\"breadcrumb\":{\"@id\":\"https:\\\/\\\/tavastinliljat.fi\\\/tietoa-lippukunnasta\\\/kestavasti-partiossa\\\/#breadcrumb\"},\"inLanguage\":\"en-US\",\"potentialAction\":[{\"@type\":\"ReadAction\",\"target\":[\"https:\\\/\\\/tavastinliljat.fi\\\/tietoa-lippukunnasta\\\/kestavasti-partiossa\\\/\"]}]},{\"@type\":\"ImageObject\",\"inLanguage\":\"en-US\",\"@id\":\"https:\\\/\\\/tavastinliljat.fi\\\/tietoa-lippukunnasta\\\/kestavasti-partiossa\\\/#primaryimage\",\"url\":\"https:\\\/\\\/tavastinliljat.fi\\\/wp-content\\\/uploads\\\/sites\\\/179\\\/2026\\\/01\\\/kestavasti_partiossa_tunnus-1024x1024.png\",\"contentUrl\":\"https:\\\/\\\/tavastinliljat.fi\\\/wp-content\\\/uploads\\\/sites\\\/179\\\/2026\\\/01\\\/kestavasti_partiossa_tunnus-1024x1024.png\"},{\"@type\":\"BreadcrumbList\",\"@id\":\"https:\\\/\\\/tavastinliljat.fi\\\/tietoa-lippukunnasta\\\/kestavasti-partiossa\\\/#breadcrumb\",\"itemListElement\":[{\"@type\":\"ListItem\",\"position\":1,\"name\":\"Front page\",\"item\":\"https:\\\/\\\/tavastinliljat.fi\\\/\"},{\"@type\":\"ListItem\",\"position\":2,\"name\":\"Tavastin Liljat ry\",\"item\":\"https:\\\/\\\/tavastinliljat.fi\\\/tietoa-lippukunnasta\\\/\"},{\"@type\":\"ListItem\",\"position\":3,\"name\":\"Scouting sustainably\"}]},{\"@type\":\"WebSite\",\"@id\":\"https:\\\/\\\/tavastinliljat.fi\\\/#website\",\"url\":\"https:\\\/\\\/tavastinliljat.fi\\\/\",\"name\":\"Tavastin Liljat ry\",\"description\":\"\",\"potentialAction\":[{\"@type\":\"SearchAction\",\"target\":{\"@type\":\"EntryPoint\",\"urlTemplate\":\"https:\\\/\\\/tavastinliljat.fi\\\/?s={search_term_string}\"},\"query-input\":{\"@type\":\"PropertyValueSpecification\",\"valueRequired\":true,\"valueName\":\"search_term_string\"}}],\"inLanguage\":\"en-US\"}]}<\/script>\n<!-- \/ Yoast SEO plugin. -->","yoast_head_json":{"title":"Scouting sustainably - Tavastin Liljat ry","robots":{"index":"index","follow":"follow","max-snippet":"max-snippet:-1","max-image-preview":"max-image-preview:large","max-video-preview":"max-video-preview:-1"},"canonical":"https:\/\/tavastinliljat.fi\/tietoa-lippukunnasta\/kestavasti-partiossa\/","og_locale":"en_US","og_type":"article","og_title":"Scouting sustainably - Tavastin Liljat ry","og_url":"https:\/\/tavastinliljat.fi\/tietoa-lippukunnasta\/kestavasti-partiossa\/","og_site_name":"Tavastin Liljat ry","article_modified_time":"2026-04-21T22:29:41+00:00","og_image":[{"url":"https:\/\/tavastinliljat.fi\/wp-content\/uploads\/sites\/179\/2026\/01\/kestavasti_partiossa_tunnus-1024x1024.png","type":"","width":"","height":""}],"twitter_card":"summary_large_image","twitter_misc":{"Est. reading time":"2 minutes"},"schema":{"@context":"https:\/\/schema.org","@graph":[{"@type":"WebPage","@id":"https:\/\/tavastinliljat.fi\/tietoa-lippukunnasta\/kestavasti-partiossa\/","url":"https:\/\/tavastinliljat.fi\/tietoa-lippukunnasta\/kestavasti-partiossa\/","name":"Scouting sustainably - Tavastin Liljat ry","isPartOf":{"@id":"https:\/\/tavastinliljat.fi\/#website"},"primaryImageOfPage":{"@id":"https:\/\/tavastinliljat.fi\/tietoa-lippukunnasta\/kestavasti-partiossa\/#primaryimage"},"image":{"@id":"https:\/\/tavastinliljat.fi\/tietoa-lippukunnasta\/kestavasti-partiossa\/#primaryimage"},"thumbnailUrl":"https:\/\/tavastinliljat.fi\/wp-content\/uploads\/sites\/179\/2026\/01\/kestavasti_partiossa_tunnus-1024x1024.png","datePublished":"2026-01-30T20:29:17+00:00","dateModified":"2026-04-21T22:29:41+00:00","breadcrumb":{"@id":"https:\/\/tavastinliljat.fi\/tietoa-lippukunnasta\/kestavasti-partiossa\/#breadcrumb"},"inLanguage":"en-US","potentialAction":[{"@type":"ReadAction","target":["https:\/\/tavastinliljat.fi\/tietoa-lippukunnasta\/kestavasti-partiossa\/"]}]},{"@type":"ImageObject","inLanguage":"en-US","@id":"https:\/\/tavastinliljat.fi\/tietoa-lippukunnasta\/kestavasti-partiossa\/#primaryimage","url":"https:\/\/tavastinliljat.fi\/wp-content\/uploads\/sites\/179\/2026\/01\/kestavasti_partiossa_tunnus-1024x1024.png","contentUrl":"https:\/\/tavastinliljat.fi\/wp-content\/uploads\/sites\/179\/2026\/01\/kestavasti_partiossa_tunnus-1024x1024.png"},{"@type":"BreadcrumbList","@id":"https:\/\/tavastinliljat.fi\/tietoa-lippukunnasta\/kestavasti-partiossa\/#breadcrumb","itemListElement":[{"@type":"ListItem","position":1,"name":"Front page","item":"https:\/\/tavastinliljat.fi\/"},{"@type":"ListItem","position":2,"name":"Tavastin Liljat ry","item":"https:\/\/tavastinliljat.fi\/tietoa-lippukunnasta\/"},{"@type":"ListItem","position":3,"name":"Scouting sustainably"}]},{"@type":"WebSite","@id":"https:\/\/tavastinliljat.fi\/#website","url":"https:\/\/tavastinliljat.fi\/","name":"Tavastin Liljat ry","description":"","potentialAction":[{"@type":"SearchAction","target":{"@type":"EntryPoint","urlTemplate":"https:\/\/tavastinliljat.fi\/?s={search_term_string}"},"query-input":{"@type":"PropertyValueSpecification","valueRequired":true,"valueName":"search_term_string"}}],"inLanguage":"en-US"}]}},"_links":{"self":[{"href":"https:\/\/tavastinliljat.fi\/en\/wp-json\/wp\/v2\/pages\/338","targetHints":{"allow":["GET"]}}],"collection":[{"href":"https:\/\/tavastinliljat.fi\/en\/wp-json\/wp\/v2\/pages"}],"about":[{"href":"https:\/\/tavastinliljat.fi\/en\/wp-json\/wp\/v2\/types\/page"}],"author":[{"embeddable":true,"href":"https:\/\/tavastinliljat.fi\/en\/wp-json\/wp\/v2\/users\/445"}],"replies":[{"embeddable":true,"href":"https:\/\/tavastinliljat.fi\/en\/wp-json\/wp\/v2\/comments?post=338"}],"version-history":[{"count":1,"href":"https:\/\/tavastinliljat.fi\/en\/wp-json\/wp\/v2\/pages\/338\/revisions"}],"predecessor-version":[{"id":340,"href":"https:\/\/tavastinliljat.fi\/en\/wp-json\/wp\/v2\/pages\/338\/revisions\/340"}],"up":[{"embeddable":true,"href":"https:\/\/tavastinliljat.fi\/en\/wp-json\/wp\/v2\/pages\/314"}],"wp:attachment":[{"href":"https:\/\/tavastinliljat.fi\/en\/wp-json\/wp\/v2\/media?parent=338"}],"curies":[{"name":"wp","href":"https:\/\/api.w.org\/{rel}","templated":true}]}}